{"id":475,"date":"2021-10-04T11:32:37","date_gmt":"2021-10-04T11:32:37","guid":{"rendered":"https:\/\/themexriver.com\/wp\/fastrans\/?page_id=475"},"modified":"2024-03-14T23:09:19","modified_gmt":"2024-03-14T23:09:19","slug":"servicios","status":"publish","type":"page","link":"https:\/\/embioexpress.com.co\/web\/servicios\/","title":{"rendered":"Nuestros servicios"},"content":{"rendered":"\t\t<div data-elementor-type=\"wp-page\" data-elementor-id=\"475\" class=\"elementor elementor-475\">\n\t\t\t\t\t\t<section class=\"elementor-section elementor-top-section elementor-element elementor-element-0572356 elementor-section-full_width elementor-section-height-default elementor-section-height-default\" data-id=\"0572356\" data-element_type=\"section\">\n\t\t\t\t\t\t<div class=\"elementor-container elementor-column-gap-default\">\n\t\t\t\t\t<div class=\"elementor-column elementor-col-100 elementor-top-column elementor-element elementor-element-7aa9e41\" data-id=\"7aa9e41\" data-element_type=\"column\">\n\t\t\t<div class=\"elementor-widget-wrap elementor-element-populated\">\n\t\t\t\t\t\t<div class=\"elementor-element elementor-element-76eeac1 elementor-widget elementor-widget-fastrans_our_services_v2\" data-id=\"76eeac1\" data-element_type=\"widget\" data-widget_type=\"fastrans_our_services_v2.default\">\n\t\t\t\t<div class=\"elementor-widget-container\">\n\t\t\t\t\t\t\t\n        <!-- Start of Service page section\n        ============================================= -->\n        <section id=\"ft-service-page\" class=\"ft-service-page-section page-padding\">\n            <div class=\"container\">\n                                <div class=\"ft-section-title-2 headline pera-content text-center\">\n                    <span class=\"sub-title\">Servicios a tu medida<\/span>                    <h2>Descubre <span>nuestros servicios<\/span>.<\/h2>                <\/div>\n                                <div class=\"ft-service-page-items\">\n                    <div class=\"row\">\n                                                <div class=\"col-lg-3 col-md-6\">\n                            <div class=\"ft-service-innerbox-2 position-relative\">\n                                                                <div class=\"ft-service-img text-center\">\n                                    <img fetchpriority=\"high\" decoding=\"async\" width=\"305\" height=\"200\" src=\"https:\/\/embioexpress.com.co\/web\/wp-content\/uploads\/2024\/03\/muestras-biologicas.jpg\" class=\"attachment-fastrans_370x290 size-fastrans_370x290 wp-post-image\" alt=\"\" srcset=\"https:\/\/embioexpress.com.co\/web\/wp-content\/uploads\/2024\/03\/muestras-biologicas.jpg 305w, https:\/\/embioexpress.com.co\/web\/wp-content\/uploads\/2024\/03\/muestras-biologicas-300x197.jpg 300w\" sizes=\"(max-width: 305px) 100vw, 305px\" \/>                                <\/div>\n                                                                <div class=\"ft-service-text position-relative headline\">\n                                    <div class=\"ft-service-icon position-absolute d-flex align-items-center justify-content-center\">\n                                        <i class=\"flaticon-free-shipping\"><\/i>\n                                    <\/div>\n                                    <h3><a href=\"#\">Muestras biol\u00f3gicas<\/a><\/h3>\n                                    <div class=\"ft-btn-2\">\n                                        <a href=\"#\">\n                                            <i class=\"icon-first flaticon-right-arrow\"><\/i>\n                                            <span>Read More<\/span>\n                                        <\/a>\n                                    <\/div>\n                                <\/div>\n                                <div class=\"ft-service-serial position-absolute\">\n                                     1                                <\/div>\n                            <\/div>\n                        <\/div>\n                                                <div class=\"col-lg-3 col-md-6\">\n                            <div class=\"ft-service-innerbox-2 position-relative\">\n                                                                <div class=\"ft-service-img text-center\">\n                                    <img decoding=\"async\" width=\"305\" height=\"200\" src=\"https:\/\/embioexpress.com.co\/web\/wp-content\/uploads\/2024\/03\/biomodelos.jpg\" class=\"attachment-fastrans_370x290 size-fastrans_370x290 wp-post-image\" alt=\"\" srcset=\"https:\/\/embioexpress.com.co\/web\/wp-content\/uploads\/2024\/03\/biomodelos.jpg 305w, https:\/\/embioexpress.com.co\/web\/wp-content\/uploads\/2024\/03\/biomodelos-300x197.jpg 300w\" sizes=\"(max-width: 305px) 100vw, 305px\" \/>                                <\/div>\n                                                                <div class=\"ft-service-text position-relative headline\">\n                                    <div class=\"ft-service-icon position-absolute d-flex align-items-center justify-content-center\">\n                                        <i class=\"flaticon-boat\"><\/i>\n                                    <\/div>\n                                    <h3><a href=\"#\">Biomodelos<\/a><\/h3>\n                                    <div class=\"ft-btn-2\">\n                                        <a href=\"#\">\n                                            <i class=\"icon-first flaticon-right-arrow\"><\/i>\n                                            <span>Read More<\/span>\n                                        <\/a>\n                                    <\/div>\n                                <\/div>\n                                <div class=\"ft-service-serial position-absolute\">\n                                     2                                <\/div>\n                            <\/div>\n                        <\/div>\n                                                <div class=\"col-lg-3 col-md-6\">\n                            <div class=\"ft-service-innerbox-2 position-relative\">\n                                                                <div class=\"ft-service-img text-center\">\n                                    <img decoding=\"async\" width=\"305\" height=\"200\" src=\"https:\/\/embioexpress.com.co\/web\/wp-content\/uploads\/2024\/03\/equipos-biomedicos.jpg\" class=\"attachment-fastrans_370x290 size-fastrans_370x290 wp-post-image\" alt=\"\" srcset=\"https:\/\/embioexpress.com.co\/web\/wp-content\/uploads\/2024\/03\/equipos-biomedicos.jpg 305w, https:\/\/embioexpress.com.co\/web\/wp-content\/uploads\/2024\/03\/equipos-biomedicos-300x197.jpg 300w\" sizes=\"(max-width: 305px) 100vw, 305px\" \/>                                <\/div>\n                                                                <div class=\"ft-service-text position-relative headline\">\n                                    <div class=\"ft-service-icon position-absolute d-flex align-items-center justify-content-center\">\n                                        <i class=\"flaticon-plane\"><\/i>\n                                    <\/div>\n                                    <h3><a href=\"#\">Equipos biom\u00e9dicos<\/a><\/h3>\n                                    <div class=\"ft-btn-2\">\n                                        <a href=\"#\">\n                                            <i class=\"icon-first flaticon-right-arrow\"><\/i>\n                                            <span>Read More<\/span>\n                                        <\/a>\n                                    <\/div>\n                                <\/div>\n                                <div class=\"ft-service-serial position-absolute\">\n                                     3                                <\/div>\n                            <\/div>\n                        <\/div>\n                                                <div class=\"col-lg-3 col-md-6\">\n                            <div class=\"ft-service-innerbox-2 position-relative\">\n                                                                <div class=\"ft-service-img text-center\">\n                                    <img loading=\"lazy\" decoding=\"async\" width=\"305\" height=\"200\" src=\"https:\/\/embioexpress.com.co\/web\/wp-content\/uploads\/2024\/03\/medicamentos.jpg\" class=\"attachment-fastrans_370x290 size-fastrans_370x290 wp-post-image\" alt=\"\" srcset=\"https:\/\/embioexpress.com.co\/web\/wp-content\/uploads\/2024\/03\/medicamentos.jpg 305w, https:\/\/embioexpress.com.co\/web\/wp-content\/uploads\/2024\/03\/medicamentos-300x197.jpg 300w\" sizes=\"(max-width: 305px) 100vw, 305px\" \/>                                <\/div>\n                                                                <div class=\"ft-service-text position-relative headline\">\n                                    <div class=\"ft-service-icon position-absolute d-flex align-items-center justify-content-center\">\n                                        <i class=\"flaticon-train\"><\/i>\n                                    <\/div>\n                                    <h3><a href=\"#\">Medicamentos de alto costo<\/a><\/h3>\n                                    <div class=\"ft-btn-2\">\n                                        <a href=\"#\">\n                                            <i class=\"icon-first flaticon-right-arrow\"><\/i>\n                                            <span>Read More<\/span>\n                                        <\/a>\n                                    <\/div>\n                                <\/div>\n                                <div class=\"ft-service-serial position-absolute\">\n                                     4                                <\/div>\n                            <\/div>\n                        <\/div>\n                                                <div class=\"col-lg-3 col-md-6\">\n                            <div class=\"ft-service-innerbox-2 position-relative\">\n                                                                <div class=\"ft-service-img text-center\">\n                                    <img loading=\"lazy\" decoding=\"async\" width=\"305\" height=\"200\" src=\"https:\/\/embioexpress.com.co\/web\/wp-content\/uploads\/2021\/10\/operaciones-logisticas.jpg\" class=\"attachment-fastrans_370x290 size-fastrans_370x290 wp-post-image\" alt=\"\" srcset=\"https:\/\/embioexpress.com.co\/web\/wp-content\/uploads\/2021\/10\/operaciones-logisticas.jpg 305w, https:\/\/embioexpress.com.co\/web\/wp-content\/uploads\/2021\/10\/operaciones-logisticas-300x197.jpg 300w\" sizes=\"(max-width: 305px) 100vw, 305px\" \/>                                <\/div>\n                                                                <div class=\"ft-service-text position-relative headline\">\n                                    <div class=\"ft-service-icon position-absolute d-flex align-items-center justify-content-center\">\n                                        <i class=\"flaticon-free-shipping\"><\/i>\n                                    <\/div>\n                                    <h3><a href=\"#\">Operaciones log\u00edsticas<\/a><\/h3>\n                                    <div class=\"ft-btn-2\">\n                                        <a href=\"#\">\n                                            <i class=\"icon-first flaticon-right-arrow\"><\/i>\n                                            <span>Read More<\/span>\n                                        <\/a>\n                                    <\/div>\n                                <\/div>\n                                <div class=\"ft-service-serial position-absolute\">\n                                     5                                <\/div>\n                            <\/div>\n                        <\/div>\n                                            <\/div>\n                                    <\/div>\n            <\/div>\n        <\/section>\n    \t<!-- End of Service page section\n        ============================================= -->\n                    \n        \t\t\t\t<\/div>\n\t\t\t\t<\/div>\n\t\t\t\t\t<\/div>\n\t\t<\/div>\n\t\t\t\t\t<\/div>\n\t\t<\/section>\n\t\t\t\t<section class=\"elementor-section elementor-top-section elementor-element elementor-element-799ec58 elementor-section-full_width elementor-section-stretched elementor-section-height-default elementor-section-height-default\" data-id=\"799ec58\" data-element_type=\"section\" data-settings=\"{&quot;stretch_section&quot;:&quot;section-stretched&quot;,&quot;background_background&quot;:&quot;classic&quot;}\">\n\t\t\t\t\t\t<div class=\"elementor-container elementor-column-gap-default\">\n\t\t\t\t\t<div class=\"elementor-column elementor-col-100 elementor-top-column elementor-element elementor-element-ea5aeb1\" data-id=\"ea5aeb1\" data-element_type=\"column\">\n\t\t\t<div class=\"elementor-widget-wrap elementor-element-populated\">\n\t\t\t\t\t\t<div class=\"elementor-element elementor-element-0d9636f elementor-widget elementor-widget-fastrans_faqs_and_services\" data-id=\"0d9636f\" data-element_type=\"widget\" data-widget_type=\"fastrans_faqs_and_services.default\">\n\t\t\t\t<div class=\"elementor-widget-container\">\n\t\t\t\t\t\n\t<!-- Start of FAQ why choose  section\n\t============================================= -->\n\t<section id=\"ft-faq-why-choose-us\" class=\"ft-faq-why-choose-us-section\">\n\t\t<div class=\"container\">\n\t\t\t<div class=\"ft-faq-why-choose-content\">\n\t\t\t\t<div class=\"row\">\n\t\t\t\t\t<div class=\"col-lg-6\">\n\t\t\t\t\t\t<div class=\"ft-faq-content\">\n\t\t\t\t\t\t\t                            <div class=\"ft-section-title-2 headline pera-content\">\n\t\t\t\t\t\t\t\t<span class=\"sub-title\">Frequently Asked Question<\/span>                \t\t\t\t<h2>Have an Any Question?<\/h2>\t\t\t\t\t\t\t<\/div>\n                            \t\t\t\t\t\t\t<div class=\"accordion\" id=\"accordionExample\">\n\t\t\t\t\t\t\t\t                                <div class=\"accordion-item headline pera-content\">\n\t\t\t\t\t\t\t\t\t<h2 class=\"accordion-header\" id=\"headingOne1\">\n\t\t\t\t\t\t\t\t\t\t<button class=\"accordion-button \" type=\"button\" data-bs-toggle=\"collapse\" data-bs-target=\"#collapseOne1\" aria-expanded=\"true\" >\n\t\t\t\t\t\t\t\t\t\t\tCan i specify a delivery date when ordering?\t\t\t\t\t\t\t\t\t\t<\/button>\n\t\t\t\t\t\t\t\t\t<\/h2>\n\t\t\t\t\t\t\t\t\t<div id=\"collapseOne1\" class=\"accordion-collapse collapse show\" data-bs-parent=\"#accordionExample\">\n\t\t\t\t\t\t\t\t\t\t<div class=\"accordion-body\">\n\t\t\t\t\t\t\t\t\t\t\tNunc aliquet dui non dui posuere placerat. Nunc quis tempor orci. Aliquam hendrerit turpis sit amet est commodo aliquam. Vivamus cursus pretium iaculis. Phasellus venenatis commodo posuere.  \n\t\t\t\t\t\t\t\t\t\t<\/div>\n\t\t\t\t\t\t\t\t\t<\/div>\n\t\t\t\t\t\t\t\t<\/div>\n                                                                <div class=\"accordion-item headline pera-content\">\n\t\t\t\t\t\t\t\t\t<h2 class=\"accordion-header\" id=\"headingOne2\">\n\t\t\t\t\t\t\t\t\t\t<button class=\"accordion-button collapsed\" type=\"button\" data-bs-toggle=\"collapse\" data-bs-target=\"#collapseOne2\" aria-expanded=\"true\" >\n\t\t\t\t\t\t\t\t\t\t\tWhat payment methods are supported?\t\t\t\t\t\t\t\t\t\t<\/button>\n\t\t\t\t\t\t\t\t\t<\/h2>\n\t\t\t\t\t\t\t\t\t<div id=\"collapseOne2\" class=\"accordion-collapse collapse \" data-bs-parent=\"#accordionExample\">\n\t\t\t\t\t\t\t\t\t\t<div class=\"accordion-body\">\n\t\t\t\t\t\t\t\t\t\t\tFusce in mauris ut mauris hendrerit condimentum nec non nunc. Cras hendrerit tellus vel enim gravida ornare. Nunc mauris justo, pulvinar pharetra lectus ut, egestas condimentum massa.  \n\t\t\t\t\t\t\t\t\t\t<\/div>\n\t\t\t\t\t\t\t\t\t<\/div>\n\t\t\t\t\t\t\t\t<\/div>\n                                                                <div class=\"accordion-item headline pera-content\">\n\t\t\t\t\t\t\t\t\t<h2 class=\"accordion-header\" id=\"headingOne3\">\n\t\t\t\t\t\t\t\t\t\t<button class=\"accordion-button collapsed\" type=\"button\" data-bs-toggle=\"collapse\" data-bs-target=\"#collapseOne3\" aria-expanded=\"true\" >\n\t\t\t\t\t\t\t\t\t\t\tWhat is Federation of International Trade Association?\t\t\t\t\t\t\t\t\t\t<\/button>\n\t\t\t\t\t\t\t\t\t<\/h2>\n\t\t\t\t\t\t\t\t\t<div id=\"collapseOne3\" class=\"accordion-collapse collapse \" data-bs-parent=\"#accordionExample\">\n\t\t\t\t\t\t\t\t\t\t<div class=\"accordion-body\">\n\t\t\t\t\t\t\t\t\t\t\tPellentesque habitant morbi tristique senectus et netus et malesuada fames ac turpis egestas. Morbi ex arcu, rhoncus at mi eu, varius imperdiet arcu. Phasellus malesuada dui in mauris. \n\t\t\t\t\t\t\t\t\t\t<\/div>\n\t\t\t\t\t\t\t\t\t<\/div>\n\t\t\t\t\t\t\t\t<\/div>\n                                                                <div class=\"accordion-item headline pera-content\">\n\t\t\t\t\t\t\t\t\t<h2 class=\"accordion-header\" id=\"headingOne4\">\n\t\t\t\t\t\t\t\t\t\t<button class=\"accordion-button collapsed\" type=\"button\" data-bs-toggle=\"collapse\" data-bs-target=\"#collapseOne4\" aria-expanded=\"true\" >\n\t\t\t\t\t\t\t\t\t\t\tHow can I Track My Shipments?\t\t\t\t\t\t\t\t\t\t<\/button>\n\t\t\t\t\t\t\t\t\t<\/h2>\n\t\t\t\t\t\t\t\t\t<div id=\"collapseOne4\" class=\"accordion-collapse collapse \" data-bs-parent=\"#accordionExample\">\n\t\t\t\t\t\t\t\t\t\t<div class=\"accordion-body\">\n\t\t\t\t\t\t\t\t\t\t\t Vestibulum fermentum lectus vel ullamcorper ornare. Curabitur non velit id metus vestibulum egestas nec eget tellus. Vestibulum eleifend ultricies tincidunt. Cras tempor, metus ac dignissim. \n\t\t\t\t\t\t\t\t\t\t<\/div>\n\t\t\t\t\t\t\t\t\t<\/div>\n\t\t\t\t\t\t\t\t<\/div>\n                                \t\t\t\t\t\t\t<\/div>\t\n\t\t\t\t\t\t<\/div>\n\t\t\t\t\t<\/div>\n\t\t\t\t\t<div class=\"col-lg-6\">\n\t\t\t\t\t\t<div class=\"ft-why-choose-content-2\">\n\t\t\t\t\t\t\t                            <div class=\"ft-section-title-2 headline pera-content\">\n\t\t\t\t\t\t\t\t<span class=\"sub-title\">Why Choos Us<\/span>                \t\t\t\t<h2>Why You Like FasTrans?<\/h2>\t\t\t\t\t\t\t<\/div>\n\t\t\t\t\t\t\t                            <div class=\"ft-why-choose-feature-wrapper-2\">\n\t\t\t\t\t\t\t\t<div class=\"row\">\n\t\t\t\t\t\t\t\t\t                                    <div class=\"col-lg-6\">\n\t\t\t\t\t\t\t\t\t\t<div class=\"ft-why-choose-feature-list-item-2\">\n\t\t\t\t\t\t\t\t\t\t\t<div class=\"ft-why-choose-feature-icon\">\n\t\t\t\t\t\t\t\t\t\t\t\t<i class=\"flaticon-logistics\"><\/i>\n\t\t\t\t\t\t\t\t\t\t\t<\/div>\n\t\t\t\t\t\t\t\t\t\t\t<div class=\"ft-why-choose-feature-text headline pera-content\">\n\t\t\t\t\t\t\t\t\t\t\t\t<h3>Safe Packing<\/h3>\n\t\t\t\t\t\t\t\t\t\t\t\t<p>In scelerisque velit sed dui eleifend, id vehicula.<\/p>\n\t\t\t\t\t\t\t\t\t\t\t<\/div>\n\t\t\t\t\t\t\t\t\t\t<\/div>\n\t\t\t\t\t\t\t\t\t<\/div>\n                                                                        <div class=\"col-lg-6\">\n\t\t\t\t\t\t\t\t\t\t<div class=\"ft-why-choose-feature-list-item-2\">\n\t\t\t\t\t\t\t\t\t\t\t<div class=\"ft-why-choose-feature-icon\">\n\t\t\t\t\t\t\t\t\t\t\t\t<i class=\"flaticon-delivery-truck\"><\/i>\n\t\t\t\t\t\t\t\t\t\t\t<\/div>\n\t\t\t\t\t\t\t\t\t\t\t<div class=\"ft-why-choose-feature-text headline pera-content\">\n\t\t\t\t\t\t\t\t\t\t\t\t<h3>Right Time Delivery<\/h3>\n\t\t\t\t\t\t\t\t\t\t\t\t<p> Phasellus finibus eu dolor nec placerat. Integer leo mi.<\/p>\n\t\t\t\t\t\t\t\t\t\t\t<\/div>\n\t\t\t\t\t\t\t\t\t\t<\/div>\n\t\t\t\t\t\t\t\t\t<\/div>\n                                                                        <div class=\"col-lg-6\">\n\t\t\t\t\t\t\t\t\t\t<div class=\"ft-why-choose-feature-list-item-2\">\n\t\t\t\t\t\t\t\t\t\t\t<div class=\"ft-why-choose-feature-icon\">\n\t\t\t\t\t\t\t\t\t\t\t\t<i class=\"flaticon-boat\"><\/i>\n\t\t\t\t\t\t\t\t\t\t\t<\/div>\n\t\t\t\t\t\t\t\t\t\t\t<div class=\"ft-why-choose-feature-text headline pera-content\">\n\t\t\t\t\t\t\t\t\t\t\t\t<h3>Ship everywhere<\/h3>\n\t\t\t\t\t\t\t\t\t\t\t\t<p>Suspendisse quis nunc sit amet eros vulputate interdum sed.<\/p>\n\t\t\t\t\t\t\t\t\t\t\t<\/div>\n\t\t\t\t\t\t\t\t\t\t<\/div>\n\t\t\t\t\t\t\t\t\t<\/div>\n                                                                        <div class=\"col-lg-6\">\n\t\t\t\t\t\t\t\t\t\t<div class=\"ft-why-choose-feature-list-item-2\">\n\t\t\t\t\t\t\t\t\t\t\t<div class=\"ft-why-choose-feature-icon\">\n\t\t\t\t\t\t\t\t\t\t\t\t<i class=\"flaticon-free-shipping\"><\/i>\n\t\t\t\t\t\t\t\t\t\t\t<\/div>\n\t\t\t\t\t\t\t\t\t\t\t<div class=\"ft-why-choose-feature-text headline pera-content\">\n\t\t\t\t\t\t\t\t\t\t\t\t<h3>Fastest Shipping<\/h3>\n\t\t\t\t\t\t\t\t\t\t\t\t<p>Do eiusmod tempor incididunt ut labore et dolore aliqua.<\/p>\n\t\t\t\t\t\t\t\t\t\t\t<\/div>\n\t\t\t\t\t\t\t\t\t\t<\/div>\n\t\t\t\t\t\t\t\t\t<\/div>\n                                    \t\t\t\t\t\t\t\t<\/div>\n\t\t\t\t\t\t\t<\/div>\n\t\t\t\t\t\t<\/div>\n\t\t\t\t\t<\/div>\n\t\t\t\t<\/div>\n\t\t\t<\/div>\n\t\t<\/div>\n\t<\/section>\t\t\t\t\t\t\n\t<!-- End of FAQ why choose  section\n\t============================================= -->\n\t\t\n    \t\t\t\t<\/div>\n\t\t\t\t<\/div>\n\t\t\t\t\t<\/div>\n\t\t<\/div>\n\t\t\t\t\t<\/div>\n\t\t<\/section>\n\t\t\t\t<\/div>\n\t\t","protected":false},"excerpt":{"rendered":"<p>Servicios a tu medida Descubre nuestros servicios. Muestras biol\u00f3gicas Read More 1 Biomodelos Read More 2 Equipos biom\u00e9dicos Read More 3 Medicamentos de alto costo Read More 4 Operaciones log\u00edsticas Read More 5 Frequently Asked Question Have an Any Question? Can i specify a delivery date when ordering? Nunc aliquet dui non dui posuere placerat. [&hellip;]<\/p>\n","protected":false},"author":1,"featured_media":0,"parent":0,"menu_order":0,"comment_status":"closed","ping_status":"closed","template":"","meta":{"footnotes":""},"class_list":["post-475","page","type-page","status-publish","hentry"],"_links":{"self":[{"href":"https:\/\/embioexpress.com.co\/web\/wp-json\/wp\/v2\/pages\/475","targetHints":{"allow":["GET"]}}],"collection":[{"href":"https:\/\/embioexpress.com.co\/web\/wp-json\/wp\/v2\/pages"}],"about":[{"href":"https:\/\/embioexpress.com.co\/web\/wp-json\/wp\/v2\/types\/page"}],"author":[{"embeddable":true,"href":"https:\/\/embioexpress.com.co\/web\/wp-json\/wp\/v2\/users\/1"}],"replies":[{"embeddable":true,"href":"https:\/\/embioexpress.com.co\/web\/wp-json\/wp\/v2\/comments?post=475"}],"version-history":[{"count":14,"href":"https:\/\/embioexpress.com.co\/web\/wp-json\/wp\/v2\/pages\/475\/revisions"}],"predecessor-version":[{"id":2687,"href":"https:\/\/embioexpress.com.co\/web\/wp-json\/wp\/v2\/pages\/475\/revisions\/2687"}],"wp:attachment":[{"href":"https:\/\/embioexpress.com.co\/web\/wp-json\/wp\/v2\/media?parent=475"}],"curies":[{"name":"wp","href":"https:\/\/api.w.org\/{rel}","templated":true}]}}