{"id":430,"date":"2021-10-04T08:22:44","date_gmt":"2021-10-04T08:22:44","guid":{"rendered":"https:\/\/themexriver.com\/wp\/fastrans\/?page_id=430"},"modified":"2024-03-14T15:49:19","modified_gmt":"2024-03-14T15:49:19","slug":"nosotros","status":"publish","type":"page","link":"https:\/\/embioexpress.com.co\/web\/nosotros\/","title":{"rendered":"Nosotros"},"content":{"rendered":"\t\t<div data-elementor-type=\"wp-page\" data-elementor-id=\"430\" class=\"elementor elementor-430\">\n\t\t\t\t\t\t<section class=\"elementor-section elementor-top-section elementor-element elementor-element-231da23 elementor-section-full_width elementor-section-height-default elementor-section-height-default\" data-id=\"231da23\" data-element_type=\"section\">\n\t\t\t\t\t\t<div class=\"elementor-container elementor-column-gap-default\">\n\t\t\t\t\t<div class=\"elementor-column elementor-col-100 elementor-top-column elementor-element elementor-element-5ef2a3a\" data-id=\"5ef2a3a\" data-element_type=\"column\">\n\t\t\t<div class=\"elementor-widget-wrap elementor-element-populated\">\n\t\t\t\t\t\t<div class=\"elementor-element elementor-element-b606a99 elementor-widget elementor-widget-fastrans_about_us_v2\" data-id=\"b606a99\" data-element_type=\"widget\" data-widget_type=\"fastrans_about_us_v2.default\">\n\t\t\t\t<div class=\"elementor-widget-container\">\n\t\t\t\t\t\t\n    <!-- Start of About section\n\t============================================= -->\n\t<section id=\"ft-about\" class=\"ft-about-section\">\n\t\t<div class=\"container\">\n\t\t\t<div class=\"ft-about-content\">\n\t\t\t\t<div class=\"row\">\n\t\t\t\t\t<div class=\"col-lg-6 wow fadeInLeft\" data-wow-delay=\"0ms\" data-wow-duration=\"1500ms\">\n\t\t\t\t\t\t<div class=\"ft-about-img-exp position-relative\">\n\t\t\t\t\t\t\t                            <div class=\"ft-about-exp-area headline pera-content position-absolute\">\n\t\t\t\t\t\t\t\t<div class=\"ft-about-exp-img\">\n\t\t\t\t\t\t\t\t\t<img decoding=\"async\" src=\"https:\/\/embioexpress.com.co\/web\/wp-content\/themes\/fastrans\/assets\/images\/shape\/exp-sh1.png\" alt=\"Awesome Image\">\n\t\t\t\t\t\t\t\t<\/div>\n\t\t\t\t\t\t\t\t<div class=\"ft-about-exp-text position-absolute\">\n\t\t\t\t\t\t\t\t\t<h3><span class=\"counter\">17<\/span><b>+<\/b> A\u00f1os<\/h3>\n\t\t\t\t\t\t\t\t\t<p>de Soluciones Log\u00edsticas PARA LA VIDA<\/p>\t\t\t\t\t\t\t\t<\/div>\n\t\t\t\t\t\t\t<\/div>\n                            \t\t\t\t\t\t\t                            <div class=\"ft-about-img\">\n                                <img decoding=\"async\" src=\"https:\/\/embioexpress.com.co\/web\/wp-content\/uploads\/2021\/10\/ab1.png\" alt=\"Awesome Image\">\n                            <\/div>\n                            \t\t\t\t\t\t<\/div>\n\t\t\t\t\t<\/div>\n\t\t\t\t\t<div class=\"col-lg-6\">\n\t\t\t\t\t\t<div class=\"ft-about-text-wrapper\">\n\t\t\t\t\t\t\t                            <div class=\"ft-section-title headline pera-content\">\n\t\t\t\t\t\t\t\t<span class=\"sub-title\">Acerca de Nosotros<\/span>\t\t\t\t\t\t\t\t<h2>Nuestra RED LOG\u00cdSTICA<\/h2>\t\t\t\t\t\t\t\t<p>Nuestra empresa ha adquirido una experiencia de 17 a\u00f1os a nivel nacional en la prestaci\u00f3n de servicios de transporte de muestras apoyando las necesidades de las empresas prestadoras de servicios del sector salud, laboratorios y farmac\u00e9utico. <\/p>\t\t\t\t\t\t\t<\/div>\n                            \t\t\t\t\t\t\t<div class=\"ft-about-feature-list-warpper\">\n\t\t\t\t\t\t\t\t                                <div class=\"ft-about-feature-list-item d-flex align-items-center wow fadeInUp\" data-wow-delay=\"0ms\" data-wow-duration=\"1500ms\">\n\t\t\t\t\t\t\t\t\t<div class=\"ft-about-feature-icon d-flex align-items-center justify-content-center\">\n\t\t\t\t\t\t\t\t\t\t<i class=\"flaticon-worldwide\"><\/i>\n\t\t\t\t\t\t\t\t\t<\/div>\n\t\t\t\t\t\t\t\t\t<div class=\"ft-about-feature-text headline pera-content\">\n\t\t\t\t\t\t\t\t\t\t<h3>VISI\u00d3N<\/h3>\n\t\t\t\t\t\t\t\t\t\t<p>Reconocimiento a nivel nacional e internacional como l\u00edderes de soluciones log\u00edsticas en el sector salud, con el apoyo del recurso humano competitivo y aliados estrat\u00e9gicos que aporten innovaci\u00f3n tecnol\u00f3gica, el cual genere sostenibilidad y calidad en su cadena de valor.<\/p>\n\t\t\t\t\t\t\t\t\t<\/div>\n\t\t\t\t\t\t\t\t<\/div>\n                                                                <div class=\"ft-about-feature-list-item d-flex align-items-center wow fadeInUp\" data-wow-delay=\"0ms\" data-wow-duration=\"1500ms\">\n\t\t\t\t\t\t\t\t\t<div class=\"ft-about-feature-icon d-flex align-items-center justify-content-center\">\n\t\t\t\t\t\t\t\t\t\t<i class=\"flaticon-place\"><\/i>\n\t\t\t\t\t\t\t\t\t<\/div>\n\t\t\t\t\t\t\t\t\t<div class=\"ft-about-feature-text headline pera-content\">\n\t\t\t\t\t\t\t\t\t\t<h3>Misi\u00f3n<\/h3>\n\t\t\t\t\t\t\t\t\t\t<p>Suministramos operaciones log\u00edsticas al sector salud con experiencia en el manejo de material biol\u00f3gico, embalajes mediante tiempos m\u00ednimos de respuesta efectivos, preservando la integridad y estabilidad de las muestras y productos que contribuyan a la confiabilidad del diagn\u00f3stico cl\u00ednico, mediante procesos log\u00edsticos estandarizados para el cumplimiento de requisitos normativos, reglamentarios, t\u00e9cnicos y tecnol\u00f3gicos para nuestros clientes y partes interesadas.<\/p>\n\t\t\t\t\t\t\t\t\t<\/div>\n\t\t\t\t\t\t\t\t<\/div>\n                                                                \n                                \t\t\t\t\t\t\t\t<div class=\"ft-btn wow fadeInUp\" data-wow-delay=\"300ms\" data-wow-duration=\"1500ms\">\n\t\t\t\t\t\t\t\t\t<a class=\"d-flex justify-content-center align-items-center\" href=\"#\">Servicios<\/a>\n\t\t\t\t\t\t\t\t<\/div>\n                                \t\t\t\t\t\t\t<\/div>\n\t\t\t\t\t\t<\/div>\n\t\t\t\t\t<\/div>\n\t\t\t\t<\/div>\n\t\t\t<\/div>\n\t\t<\/div>\n\t<\/section>\n\t<!-- End of About section\n\t============================================= -->\n\n    \t\t\t\t<\/div>\n\t\t\t\t<\/div>\n\t\t\t\t\t<\/div>\n\t\t<\/div>\n\t\t\t\t\t<\/div>\n\t\t<\/section>\n\t\t\t\t<section class=\"elementor-section elementor-top-section elementor-element elementor-element-df5ef2f elementor-section-full_width elementor-section-height-default elementor-section-height-default\" data-id=\"df5ef2f\" data-element_type=\"section\">\n\t\t\t\t\t\t<div class=\"elementor-container elementor-column-gap-default\">\n\t\t\t\t\t<div class=\"elementor-column elementor-col-100 elementor-top-column elementor-element elementor-element-fc76734\" data-id=\"fc76734\" data-element_type=\"column\">\n\t\t\t<div class=\"elementor-widget-wrap elementor-element-populated\">\n\t\t\t\t\t\t<div class=\"elementor-element elementor-element-0752504 elementor-widget elementor-widget-fastrans_funfacts_v3\" data-id=\"0752504\" data-element_type=\"widget\" data-widget_type=\"fastrans_funfacts_v3.default\">\n\t\t\t\t<div class=\"elementor-widget-container\">\n\t\t\t\t\t\t\n    <!-- Start of funfact section\n\t============================================= -->\n\t<section id=\"ft-funfact\" class=\"ft-funfact-section\">\n\t\t<div class=\"container\">\n\t\t\t<div class=\"ft-funfact-content\">\n\t\t\t\t<div class=\"row\">\n\t\t\t\t\t                    <div class=\"col-lg-3 col-md-6 col-sm-6\">\n\t\t\t\t\t\t<div class=\"ft-funfact-innerbox text-center\">\n\t\t\t\t\t\t\t<div class=\"ft-funfact-icon\">\n\t\t\t\t\t\t\t\t<i class=\"fal fa-car-bus\"><\/i>\n\t\t\t\t\t\t\t<\/div>\n\t\t\t\t\t\t\t<div class=\"ft-funfact-text headline pera-content\">\n\t\t\t\t\t\t\t\t<h3><span class=\"counter\">3000+<\/span><\/h3>\n\t\t\t\t\t\t\t\t<p>Envios<\/p>\n\t\t\t\t\t\t\t<\/div>\n\t\t\t\t\t\t<\/div>\n\t\t\t\t\t<\/div>\n                                        <div class=\"col-lg-3 col-md-6 col-sm-6\">\n\t\t\t\t\t\t<div class=\"ft-funfact-innerbox text-center\">\n\t\t\t\t\t\t\t<div class=\"ft-funfact-icon\">\n\t\t\t\t\t\t\t\t<i class=\"fal fa-users\"><\/i>\n\t\t\t\t\t\t\t<\/div>\n\t\t\t\t\t\t\t<div class=\"ft-funfact-text headline pera-content\">\n\t\t\t\t\t\t\t\t<h3><span class=\"counter\">40<\/span>+<\/h3>\n\t\t\t\t\t\t\t\t<p>Empresas<\/p>\n\t\t\t\t\t\t\t<\/div>\n\t\t\t\t\t\t<\/div>\n\t\t\t\t\t<\/div>\n                                        <div class=\"col-lg-3 col-md-6 col-sm-6\">\n\t\t\t\t\t\t<div class=\"ft-funfact-innerbox text-center\">\n\t\t\t\t\t\t\t<div class=\"ft-funfact-icon\">\n\t\t\t\t\t\t\t\t<i class=\"fal fa-trophy-alt\"><\/i>\n\t\t\t\t\t\t\t<\/div>\n\t\t\t\t\t\t\t<div class=\"ft-funfact-text headline pera-content\">\n\t\t\t\t\t\t\t\t<h3><span class=\"counter\">17<\/span>+<\/h3>\n\t\t\t\t\t\t\t\t<p>A\u00f1os<\/p>\n\t\t\t\t\t\t\t<\/div>\n\t\t\t\t\t\t<\/div>\n\t\t\t\t\t<\/div>\n                                        <div class=\"col-lg-3 col-md-6 col-sm-6\">\n\t\t\t\t\t\t<div class=\"ft-funfact-innerbox text-center\">\n\t\t\t\t\t\t\t<div class=\"ft-funfact-icon\">\n\t\t\t\t\t\t\t\t<i class=\"fal fa-medal\"><\/i>\n\t\t\t\t\t\t\t<\/div>\n\t\t\t\t\t\t\t<div class=\"ft-funfact-text headline pera-content\">\n\t\t\t\t\t\t\t\t<h3><span class=\"counter\">100<\/span>%<\/h3>\n\t\t\t\t\t\t\t\t<p>Entregas<\/p>\n\t\t\t\t\t\t\t<\/div>\n\t\t\t\t\t\t<\/div>\n\t\t\t\t\t<\/div>\n                    \t\t\t\t<\/div>\n\t\t\t<\/div>\n\t\t<\/div>\n\t<\/section>\t\t\n\t<!-- End of funfact section\n\t============================================= -->\n\t\t\n    \t\t\t\t<\/div>\n\t\t\t\t<\/div>\n\t\t\t\t\t<\/div>\n\t\t<\/div>\n\t\t\t\t\t<\/div>\n\t\t<\/section>\n\t\t\t\t<section class=\"elementor-section elementor-top-section elementor-element elementor-element-179713e elementor-section-full_width elementor-section-height-default elementor-section-height-default\" data-id=\"179713e\" data-element_type=\"section\">\n\t\t\t\t\t\t<div class=\"elementor-container elementor-column-gap-default\">\n\t\t\t\t\t<div class=\"elementor-column elementor-col-100 elementor-top-column elementor-element elementor-element-dab1161\" data-id=\"dab1161\" data-element_type=\"column\">\n\t\t\t<div class=\"elementor-widget-wrap elementor-element-populated\">\n\t\t\t\t\t\t<div class=\"elementor-element elementor-element-dc27dc2 elementor-widget elementor-widget-fastrans_our_features_v2\" data-id=\"dc27dc2\" data-element_type=\"widget\" data-widget_type=\"fastrans_our_features_v2.default\">\n\t\t\t\t<div class=\"elementor-widget-container\">\n\t\t\t\t\t\t\t\n        <!-- Start of goodness feature section\n        ============================================= -->\n        <section id=\"ft-goodness-feature\" class=\"ft-goodness-feature-section\">\n            <div class=\"container\">\n                                <div class=\"ft-section-title-2 headline pera-content text-center\">\n                    <span class=\"sub-title\">Our Goodness<\/span>                    <h2>Lo que nos hace especiales<\/h2>                                    <\/div>\n                                <div class=\"ft-goodness-featured-content\">\n                    <div class=\"row\">\n                                                <div class=\"col-lg-4 col-md-6\">\n                            <div class=\"ft-goodness-featured-innerbox text-center\">\n                                <div class=\"ft-goodness-featured-icon d-flex align-items-center justify-content-center\">\n                                    <i class=\"fal fa-anchor\"><\/i>\n                                <\/div>\n                                <div class=\"ft-goodness-featured-text headline pera-content\">\n                                    <h3><a href=\"https:\/\/themexriver.com\/wp\/fastrans\/trusted-franchise\/\">Compromiso con el cliente<\/a><\/h3>\n                                    <p>Trabajamos conjuntamente con nuestros clientes en el cumplimiento de referentes normativos nacionales e internacionales ... <\/p>\n                                <\/div>\n                            <\/div>\n                        <\/div>\n                                                <div class=\"col-lg-4 col-md-6\">\n                            <div class=\"ft-goodness-featured-innerbox text-center\">\n                                <div class=\"ft-goodness-featured-icon d-flex align-items-center justify-content-center\">\n                                    <i class=\"fal fa-user-headset\"><\/i>\n                                <\/div>\n                                <div class=\"ft-goodness-featured-text headline pera-content\">\n                                    <h3><a href=\"https:\/\/themexriver.com\/wp\/fastrans\/customer-support\/\">Relaciones mutuamente beneficiosas<\/a><\/h3>\n                                    <p>Para nosotros es importante una comunicaci\u00f3n clara y abierta en la identificaci\u00f3n de las ... <\/p>\n                                <\/div>\n                            <\/div>\n                        <\/div>\n                                                <div class=\"col-lg-4 col-md-6\">\n                            <div class=\"ft-goodness-featured-innerbox text-center\">\n                                <div class=\"ft-goodness-featured-icon d-flex align-items-center justify-content-center\">\n                                    <i class=\"fal fa-badge-sheriff\"><\/i>\n                                <\/div>\n                                <div class=\"ft-goodness-featured-text headline pera-content\">\n                                    <h3><a href=\"https:\/\/themexriver.com\/wp\/fastrans\/reliability-punctuality\/\">Humanizaci\u00f3n en las operaciones log\u00edsticas<\/a><\/h3>\n                                    <p>Entendemos que el respeto a la vida es sagrado, y din\u00e1mico por la participaci\u00f3n ... <\/p>\n                                <\/div>\n                            <\/div>\n                        <\/div>\n                                            <\/div>\n                <\/div>\n            <\/div>\n        <\/section>\n        <!-- End of goodness feature section\n        ============================================= -->\n                           \n        \t\t\t\t<\/div>\n\t\t\t\t<\/div>\n\t\t\t\t\t<\/div>\n\t\t<\/div>\n\t\t\t\t\t<\/div>\n\t\t<\/section>\n\t\t\t\t<\/div>\n\t\t","protected":false},"excerpt":{"rendered":"<p>17+ A\u00f1os de Soluciones Log\u00edsticas PARA LA VIDA Acerca de Nosotros Nuestra RED LOG\u00cdSTICA Nuestra empresa ha adquirido una experiencia de 17 a\u00f1os a nivel nacional en la prestaci\u00f3n de servicios de transporte de muestras apoyando las necesidades de las empresas prestadoras de servicios del sector salud, laboratorios y farmac\u00e9utico. VISI\u00d3N Reconocimiento a nivel nacional [&hellip;]<\/p>\n","protected":false},"author":1,"featured_media":0,"parent":0,"menu_order":0,"comment_status":"closed","ping_status":"closed","template":"tpl-default-elementor.php","meta":{"footnotes":""},"class_list":["post-430","page","type-page","status-publish","hentry"],"_links":{"self":[{"href":"https:\/\/embioexpress.com.co\/web\/wp-json\/wp\/v2\/pages\/430","targetHints":{"allow":["GET"]}}],"collection":[{"href":"https:\/\/embioexpress.com.co\/web\/wp-json\/wp\/v2\/pages"}],"about":[{"href":"https:\/\/embioexpress.com.co\/web\/wp-json\/wp\/v2\/types\/page"}],"author":[{"embeddable":true,"href":"https:\/\/embioexpress.com.co\/web\/wp-json\/wp\/v2\/users\/1"}],"replies":[{"embeddable":true,"href":"https:\/\/embioexpress.com.co\/web\/wp-json\/wp\/v2\/comments?post=430"}],"version-history":[{"count":18,"href":"https:\/\/embioexpress.com.co\/web\/wp-json\/wp\/v2\/pages\/430\/revisions"}],"predecessor-version":[{"id":2653,"href":"https:\/\/embioexpress.com.co\/web\/wp-json\/wp\/v2\/pages\/430\/revisions\/2653"}],"wp:attachment":[{"href":"https:\/\/embioexpress.com.co\/web\/wp-json\/wp\/v2\/media?parent=430"}],"curies":[{"name":"wp","href":"https:\/\/api.w.org\/{rel}","templated":true}]}}