{"id":2761,"date":"2024-03-19T16:12:18","date_gmt":"2024-03-19T16:12:18","guid":{"rendered":"https:\/\/embioexpress.com.co\/web\/?page_id=2761"},"modified":"2024-03-19T16:24:33","modified_gmt":"2024-03-19T16:24:33","slug":"biomodelos","status":"publish","type":"page","link":"https:\/\/embioexpress.com.co\/web\/biomodelos\/","title":{"rendered":"Biomodelos"},"content":{"rendered":"\t\t<div data-elementor-type=\"wp-page\" data-elementor-id=\"2761\" class=\"elementor elementor-2761\">\n\t\t\t\t\t\t<section class=\"elementor-section elementor-top-section elementor-element elementor-element-31b8e42 elementor-section-full_width elementor-section-height-default elementor-section-height-default\" data-id=\"31b8e42\" data-element_type=\"section\">\n\t\t\t\t\t\t<div class=\"elementor-container elementor-column-gap-default\">\n\t\t\t\t\t<div class=\"elementor-column elementor-col-100 elementor-top-column elementor-element elementor-element-cc40961\" data-id=\"cc40961\" data-element_type=\"column\">\n\t\t\t<div class=\"elementor-widget-wrap elementor-element-populated\">\n\t\t\t\t\t\t<div class=\"elementor-element elementor-element-e76d523 elementor-widget elementor-widget-fastrans_team_details\" data-id=\"e76d523\" data-element_type=\"widget\" data-widget_type=\"fastrans_team_details.default\">\n\t\t\t\t<div class=\"elementor-widget-container\">\n\t\t\t\t\t\t\n    <!-- Start of Team Details section\n\t============================================= -->\n\t<section id=\"ft-team-details\" class=\"ft-team-details-section page-padding\">\n\t\t<div class=\"container\">\n\t\t\t<div class=\"ft-team-details-content position-relative\">\n\t\t\t\t                <div class=\"row\">\n\t\t\t\t\t                    <div class=\"col-lg-5\">\n\t\t\t\t\t\t<div class=\"ft-team-details-img position-relative\">\n\t\t\t\t\t\t\t<img decoding=\"async\" src=\"https:\/\/embioexpress.com.co\/web\/wp-content\/uploads\/2024\/03\/biomodelo.jpg\" alt=\"Awesome Image\">\n\t\t\t\t\t\t<\/div>\n\t\t\t\t\t<\/div>\n                    \t\t\t\t\t<div class=\"col-lg-7\">\n\t\t\t\t\t\t<div class=\"ft-team-details-text-wrapper headline pera-content\">\n\t\t\t\t\t\t\t                            <div class=\"ft-team-details-text\">\n\t\t\t\t\t\t\t\t\t\t\t\t\t\t\t\t<span>BIOMODELOS<\/span>\t\t\t\t\t\t\t\t<p>Animales usados con prop\u00f3sitos experimentales deben ser adquiridos legalmente, son usados como modelos para investigar y comprender las causas, diagn\u00f3stico y tratamiento de enfermedades que afectan al humano y a los animales, adem\u00e1s de sus importantes aportes en la docencia biol\u00f3gica y en el desarrollo, producci\u00f3n y control de medicamentos, alimentos y otros insumos, donde en muchos casos hasta la fecha son insustituibles. Transporte a realizarse a nivel local y nacional v\u00eda a\u00e9rea.\n\n <\/p>\t\t\t\t\t\t\t<\/div>\n\t\t\t\t\t\t\t                            <div class=\"ft-team-details-info ul-li-block\">\n\t\t\t\t\t\t\t\t<ul>\n\t\t\t\t\t\t\t\t\t                                    <li><span>Experiencia<\/span> 17 A\u00d1OS<\/li>\n\t\t\t\t\t\t\t\t\t\t\t\t\t\t\t\t\t<\/ul>\n\t\t\t\t\t\t\t<\/div>\n\t\t\t\t\t\t\t<div class=\"coming-soon-social d-flex\">\n\t\t\t\t\t\t\t\t                                <a href=\"#\"><i class=\"fab fa fa-whatsapp\"><\/i><\/a>\n\t\t\t\t\t\t\t\t\t\t\t\t\t\t\t<\/div>\n\t\t\t\t\t\t<\/div>\n\t\t\t\t\t<\/div>\n\t\t\t\t<\/div>\n\t\t\t<\/div>\n\t\t\t<div class=\"ft-team-personal-form-cta-wrapper\">\n\t\t\t\t<div class=\"row\">\n\t\t\t\t\t<div class=\"col-lg-9\">\n\t\t\t\t\t\t<div class=\"ft-team-personal headline pera-content\">\n\t\t\t\t\t\t\t\t\t\t\t\t\t\t\t\t\t\t\t\t\t\n\t\t\t\t\t\t\t                            \n                            \t\t\t\t\t\t<\/div>\n\t\t\t\t\t<\/div>\n\t\t\t\t\t                    <div class=\"col-lg-3\">\n\t\t\t\t\t\t<div class=\"ft-team-personal-cta text-center\" data-background=\"https:\/\/embioexpress.com.co\/web\/wp-content\/uploads\/2021\/10\/td-bg.png\">\n\t\t\t\t\t\t\t<div class=\"ft-team-personal-cta-icon d-flex justify-content-center align-items-center\">\n\t\t\t\t\t\t\t\t<i class=\"fal fa fa-phone-rotary\"><\/i>\n\t\t\t\t\t\t\t<\/div>\n\t\t\t\t\t\t\t<div class=\"ft-team-personal-cta-text headline\">\n\t\t\t\t\t\t\t\t<h3>Contacto<\/h3>\n\t\t\t\t\t\t\t\t<span>Tel\u00e9fono : (1)-1234-4444<\/span>\n\t\t\t\t\t\t\t\t<span>Email : info@example.com<\/span>\n\t\t\t\t\t\t\t<\/div>\n\t\t\t\t\t\t<\/div>\n\t\t\t\t\t<\/div>\n                    \t\t\t\t<\/div>\n\t\t\t<\/div>\n\t\t<\/div>\n\t<\/section>\t\n\t<!-- End of Team Details section\n\t============================================= -->\n    \n    \t\t\t\t<\/div>\n\t\t\t\t<\/div>\n\t\t\t\t\t<\/div>\n\t\t<\/div>\n\t\t\t\t\t<\/div>\n\t\t<\/section>\n\t\t\t\t<\/div>\n\t\t","protected":false},"excerpt":{"rendered":"<p>BIOMODELOS Animales usados con prop\u00f3sitos experimentales deben ser adquiridos legalmente, son usados como modelos para investigar y comprender las causas, diagn\u00f3stico y tratamiento de enfermedades que afectan al humano y a los animales, adem\u00e1s de sus importantes aportes en la docencia biol\u00f3gica y en el desarrollo, producci\u00f3n y control de medicamentos, alimentos y otros insumos, [&hellip;]<\/p>\n","protected":false},"author":1,"featured_media":0,"parent":0,"menu_order":0,"comment_status":"closed","ping_status":"closed","template":"tpl-default-elementor.php","meta":{"footnotes":""},"class_list":["post-2761","page","type-page","status-publish","hentry"],"_links":{"self":[{"href":"https:\/\/embioexpress.com.co\/web\/wp-json\/wp\/v2\/pages\/2761","targetHints":{"allow":["GET"]}}],"collection":[{"href":"https:\/\/embioexpress.com.co\/web\/wp-json\/wp\/v2\/pages"}],"about":[{"href":"https:\/\/embioexpress.com.co\/web\/wp-json\/wp\/v2\/types\/page"}],"author":[{"embeddable":true,"href":"https:\/\/embioexpress.com.co\/web\/wp-json\/wp\/v2\/users\/1"}],"replies":[{"embeddable":true,"href":"https:\/\/embioexpress.com.co\/web\/wp-json\/wp\/v2\/comments?post=2761"}],"version-history":[{"count":7,"href":"https:\/\/embioexpress.com.co\/web\/wp-json\/wp\/v2\/pages\/2761\/revisions"}],"predecessor-version":[{"id":2774,"href":"https:\/\/embioexpress.com.co\/web\/wp-json\/wp\/v2\/pages\/2761\/revisions\/2774"}],"wp:attachment":[{"href":"https:\/\/embioexpress.com.co\/web\/wp-json\/wp\/v2\/media?parent=2761"}],"curies":[{"name":"wp","href":"https:\/\/api.w.org\/{rel}","templated":true}]}}