{"id":2747,"date":"2024-03-19T15:42:33","date_gmt":"2024-03-19T15:42:33","guid":{"rendered":"https:\/\/embioexpress.com.co\/web\/?page_id=2747"},"modified":"2024-03-19T15:53:21","modified_gmt":"2024-03-19T15:53:21","slug":"operaciones-logisticas-24-7","status":"publish","type":"page","link":"https:\/\/embioexpress.com.co\/web\/operaciones-logisticas-24-7\/","title":{"rendered":"Operaciones Log\u00edsticas 24\/7"},"content":{"rendered":"\t\t<div data-elementor-type=\"wp-page\" data-elementor-id=\"2747\" class=\"elementor elementor-2747\">\n\t\t\t\t\t\t<section class=\"elementor-section elementor-top-section elementor-element elementor-element-31b8e42 elementor-section-full_width elementor-section-height-default elementor-section-height-default\" data-id=\"31b8e42\" data-element_type=\"section\">\n\t\t\t\t\t\t<div class=\"elementor-container elementor-column-gap-default\">\n\t\t\t\t\t<div class=\"elementor-column elementor-col-100 elementor-top-column elementor-element elementor-element-cc40961\" data-id=\"cc40961\" data-element_type=\"column\">\n\t\t\t<div class=\"elementor-widget-wrap elementor-element-populated\">\n\t\t\t\t\t\t<div class=\"elementor-element elementor-element-e76d523 elementor-widget elementor-widget-fastrans_team_details\" data-id=\"e76d523\" data-element_type=\"widget\" data-widget_type=\"fastrans_team_details.default\">\n\t\t\t\t<div class=\"elementor-widget-container\">\n\t\t\t\t\t\t\n    <!-- Start of Team Details section\n\t============================================= -->\n\t<section id=\"ft-team-details\" class=\"ft-team-details-section page-padding\">\n\t\t<div class=\"container\">\n\t\t\t<div class=\"ft-team-details-content position-relative\">\n\t\t\t\t                <div class=\"row\">\n\t\t\t\t\t                    <div class=\"col-lg-5\">\n\t\t\t\t\t\t<div class=\"ft-team-details-img position-relative\">\n\t\t\t\t\t\t\t<img decoding=\"async\" src=\"https:\/\/embioexpress.com.co\/web\/wp-content\/uploads\/2024\/03\/operaciones.jpg\" alt=\"Awesome Image\">\n\t\t\t\t\t\t<\/div>\n\t\t\t\t\t<\/div>\n                    \t\t\t\t\t<div class=\"col-lg-7\">\n\t\t\t\t\t\t<div class=\"ft-team-details-text-wrapper headline pera-content\">\n\t\t\t\t\t\t\t                            <div class=\"ft-team-details-text\">\n\t\t\t\t\t\t\t\t\t\t\t\t\t\t\t\t<span>OPERACIONES LOG\u00cdSTICAS 24\/7<\/span>\t\t\t\t\t\t\t\t<p>Nos orientamos en el cumplimiento de los requisitos normativos, reglamentarios y t\u00e9cnicos para prestar servicio las 24 horas del d\u00eda, 7 d\u00edas a la semana bajo las siguientes modalidades de operaciones:\n<li>Servicio express\n<li>24\/7\n<li>Urgente (vital)\n<li>Operaciones log\u00edsticas urgentes a Nivel Nacional. <\/p>\t\t\t\t\t\t\t<\/div>\n\t\t\t\t\t\t\t                            <div class=\"ft-team-details-info ul-li-block\">\n\t\t\t\t\t\t\t\t<ul>\n\t\t\t\t\t\t\t\t\t                                    <li><span>Experiencia<\/span> 17 A\u00d1OS<\/li>\n\t\t\t\t\t\t\t\t\t\t\t\t\t\t\t\t\t<\/ul>\n\t\t\t\t\t\t\t<\/div>\n\t\t\t\t\t\t\t<div class=\"coming-soon-social d-flex\">\n\t\t\t\t\t\t\t\t                                <a href=\"#\"><i class=\"fab fa fa-whatsapp\"><\/i><\/a>\n\t\t\t\t\t\t\t\t\t\t\t\t\t\t\t<\/div>\n\t\t\t\t\t\t<\/div>\n\t\t\t\t\t<\/div>\n\t\t\t\t<\/div>\n\t\t\t<\/div>\n\t\t\t<div class=\"ft-team-personal-form-cta-wrapper\">\n\t\t\t\t<div class=\"row\">\n\t\t\t\t\t<div class=\"col-lg-9\">\n\t\t\t\t\t\t<div class=\"ft-team-personal headline pera-content\">\n\t\t\t\t\t\t\t<h2 class=\"title\">SERVICIOS LOG\u00cdSTICOS<\/h2>\t\t\t\t\t\t\t<p><b>SERVICIO EXPRESS<\/b>\n<p>Prestaci\u00f3n del servicio no programado en las rutas y circuitos donde el cliente lo considera oportuna para sus necesidades del centro de muestras o an\u00e1lisis cl\u00ednicos para sus clientes con tiempo en Distrito Capital de 45 minutos considerando cumplir las m\u00e1ximas velocidades de 50 Km\/hora y 80 Km\/hora en rural para el desempe\u00f1o de seguridad vial de nuestros auxiliares log\u00edsticos.<\/p>\n<br>\n<b>24\/7<\/b>\n<p>Prestaci\u00f3n del servicio de recolecci\u00f3n y entrega del transporte solicitado por el cliente para prestarse en el transcurso de las horas siguientes a su solicitud.<\/p>\n<br>\n<b>URGENTE (VITAL)<\/b>\n<p>Prestaci\u00f3n del servicio de recolecci\u00f3n y entrega del transporte solicitado por el cliente para prestarse m\u00e1ximo una hora y media en Distrito Capital.<\/p>\n<br>\n<b>OPERACIONES LOG\u00cdSTICAS URGENTES A NIVEL NACIONAL<\/b>\n<p>Prestaci\u00f3n del servicio de recolecci\u00f3n y entrega a nivel nacional recepcionando sus muestras embaladas bajo las condiciones reglamentarias y t\u00e9cnicas para disponer la muestra en Aeropuerto a Aeropuerto en los itinerarios bajo las condiciones para asegurar la entrega a nivel nacional con nuestros auxiliares log\u00edstico en todas las ciudades y cabeceras municipales principales.<\/p>\n<\/p>\t\t\t\t\t\t\t\n\t\t\t\t\t\t\t                            \n                            \t\t\t\t\t\t<\/div>\n\t\t\t\t\t<\/div>\n\t\t\t\t\t                    <div class=\"col-lg-3\">\n\t\t\t\t\t\t<div class=\"ft-team-personal-cta text-center\" data-background=\"https:\/\/embioexpress.com.co\/web\/wp-content\/uploads\/2021\/10\/td-bg.png\">\n\t\t\t\t\t\t\t<div class=\"ft-team-personal-cta-icon d-flex justify-content-center align-items-center\">\n\t\t\t\t\t\t\t\t<i class=\"fal fa fa-phone-rotary\"><\/i>\n\t\t\t\t\t\t\t<\/div>\n\t\t\t\t\t\t\t<div class=\"ft-team-personal-cta-text headline\">\n\t\t\t\t\t\t\t\t<h3>Contacto<\/h3>\n\t\t\t\t\t\t\t\t<span>Tel\u00e9fono : (1)-1234-4444<\/span>\n\t\t\t\t\t\t\t\t<span>Email : info@example.com<\/span>\n\t\t\t\t\t\t\t<\/div>\n\t\t\t\t\t\t<\/div>\n\t\t\t\t\t<\/div>\n                    \t\t\t\t<\/div>\n\t\t\t<\/div>\n\t\t<\/div>\n\t<\/section>\t\n\t<!-- End of Team Details section\n\t============================================= -->\n    \n    \t\t\t\t<\/div>\n\t\t\t\t<\/div>\n\t\t\t\t\t<\/div>\n\t\t<\/div>\n\t\t\t\t\t<\/div>\n\t\t<\/section>\n\t\t\t\t<\/div>\n\t\t","protected":false},"excerpt":{"rendered":"<p>OPERACIONES LOG\u00cdSTICAS 24\/7 Nos orientamos en el cumplimiento de los requisitos normativos, reglamentarios y t\u00e9cnicos para prestar servicio las 24 horas del d\u00eda, 7 d\u00edas a la semana bajo las siguientes modalidades de operaciones: Servicio express 24\/7 Urgente (vital) Operaciones log\u00edsticas urgentes a Nivel Nacional. Experiencia 17 A\u00d1OS SERVICIOS LOG\u00cdSTICOS SERVICIO EXPRESS Prestaci\u00f3n del servicio [&hellip;]<\/p>\n","protected":false},"author":1,"featured_media":0,"parent":0,"menu_order":0,"comment_status":"closed","ping_status":"closed","template":"tpl-default-elementor.php","meta":{"footnotes":""},"class_list":["post-2747","page","type-page","status-publish","hentry"],"_links":{"self":[{"href":"https:\/\/embioexpress.com.co\/web\/wp-json\/wp\/v2\/pages\/2747","targetHints":{"allow":["GET"]}}],"collection":[{"href":"https:\/\/embioexpress.com.co\/web\/wp-json\/wp\/v2\/pages"}],"about":[{"href":"https:\/\/embioexpress.com.co\/web\/wp-json\/wp\/v2\/types\/page"}],"author":[{"embeddable":true,"href":"https:\/\/embioexpress.com.co\/web\/wp-json\/wp\/v2\/users\/1"}],"replies":[{"embeddable":true,"href":"https:\/\/embioexpress.com.co\/web\/wp-json\/wp\/v2\/comments?post=2747"}],"version-history":[{"count":7,"href":"https:\/\/embioexpress.com.co\/web\/wp-json\/wp\/v2\/pages\/2747\/revisions"}],"predecessor-version":[{"id":2757,"href":"https:\/\/embioexpress.com.co\/web\/wp-json\/wp\/v2\/pages\/2747\/revisions\/2757"}],"wp:attachment":[{"href":"https:\/\/embioexpress.com.co\/web\/wp-json\/wp\/v2\/media?parent=2747"}],"curies":[{"name":"wp","href":"https:\/\/api.w.org\/{rel}","templated":true}]}}