{"id":2729,"date":"2024-03-19T15:22:38","date_gmt":"2024-03-19T15:22:38","guid":{"rendered":"https:\/\/embioexpress.com.co\/web\/?page_id=2729"},"modified":"2024-03-19T15:30:55","modified_gmt":"2024-03-19T15:30:55","slug":"medicamentos-y-reactivos","status":"publish","type":"page","link":"https:\/\/embioexpress.com.co\/web\/medicamentos-y-reactivos\/","title":{"rendered":"Medicamentos y Reactivos"},"content":{"rendered":"\t\t<div data-elementor-type=\"wp-page\" data-elementor-id=\"2729\" class=\"elementor elementor-2729\">\n\t\t\t\t\t\t<section class=\"elementor-section elementor-top-section elementor-element elementor-element-31b8e42 elementor-section-full_width elementor-section-height-default elementor-section-height-default\" data-id=\"31b8e42\" data-element_type=\"section\">\n\t\t\t\t\t\t<div class=\"elementor-container elementor-column-gap-default\">\n\t\t\t\t\t<div class=\"elementor-column elementor-col-100 elementor-top-column elementor-element elementor-element-cc40961\" data-id=\"cc40961\" data-element_type=\"column\">\n\t\t\t<div class=\"elementor-widget-wrap elementor-element-populated\">\n\t\t\t\t\t\t<div class=\"elementor-element elementor-element-e76d523 elementor-widget elementor-widget-fastrans_team_details\" data-id=\"e76d523\" data-element_type=\"widget\" data-widget_type=\"fastrans_team_details.default\">\n\t\t\t\t<div class=\"elementor-widget-container\">\n\t\t\t\t\t\t\n    <!-- Start of Team Details section\n\t============================================= -->\n\t<section id=\"ft-team-details\" class=\"ft-team-details-section page-padding\">\n\t\t<div class=\"container\">\n\t\t\t<div class=\"ft-team-details-content position-relative\">\n\t\t\t\t                <div class=\"row\">\n\t\t\t\t\t                    <div class=\"col-lg-5\">\n\t\t\t\t\t\t<div class=\"ft-team-details-img position-relative\">\n\t\t\t\t\t\t\t<img decoding=\"async\" src=\"https:\/\/embioexpress.com.co\/web\/wp-content\/uploads\/2024\/03\/medicamentos-1.jpg\" alt=\"Awesome Image\">\n\t\t\t\t\t\t<\/div>\n\t\t\t\t\t<\/div>\n                    \t\t\t\t\t<div class=\"col-lg-7\">\n\t\t\t\t\t\t<div class=\"ft-team-details-text-wrapper headline pera-content\">\n\t\t\t\t\t\t\t                            <div class=\"ft-team-details-text\">\n\t\t\t\t\t\t\t\t\t\t\t\t\t\t\t\t<span>MEDICAMENTOS DE ALTO COSTO Y REACTIVOS<\/span>\t\t\t\t\t\t\t\t<p>MEDICAMENTOS DE ALTO COSTO Y REACTIVOS\nSomos aliados estrat\u00e9gicos en la administraci\u00f3n y entrega de medicamentos de alto costo y reactivos desde la recepci\u00f3n, con monitoreo mediante planillas de control electr\u00f3nico, reportes fotogr\u00e1ficos de eventos adversos, hasta el punto de entrega, con conservaci\u00f3n de cadena de fr\u00edo, monitoreo de temperatura, y entregas reportadas al cliente. <\/p>\t\t\t\t\t\t\t<\/div>\n\t\t\t\t\t\t\t                            <div class=\"ft-team-details-info ul-li-block\">\n\t\t\t\t\t\t\t\t<ul>\n\t\t\t\t\t\t\t\t\t                                    <li><span>Experiencia<\/span> 17 A\u00d1OS<\/li>\n\t\t\t\t\t\t\t\t\t\t\t\t\t\t\t\t\t<\/ul>\n\t\t\t\t\t\t\t<\/div>\n\t\t\t\t\t\t\t<div class=\"coming-soon-social d-flex\">\n\t\t\t\t\t\t\t\t                                <a href=\"#\"><i class=\"fab fa fa-whatsapp\"><\/i><\/a>\n\t\t\t\t\t\t\t\t\t\t\t\t\t\t\t<\/div>\n\t\t\t\t\t\t<\/div>\n\t\t\t\t\t<\/div>\n\t\t\t\t<\/div>\n\t\t\t<\/div>\n\t\t\t<div class=\"ft-team-personal-form-cta-wrapper\">\n\t\t\t\t<div class=\"row\">\n\t\t\t\t\t<div class=\"col-lg-9\">\n\t\t\t\t\t\t<div class=\"ft-team-personal headline pera-content\">\n\t\t\t\t\t\t\t<h2 class=\"title\">OPERACIONES LOG\u00cdSTICAS EN EL TRANSPORTE DE MEDICAMENTOS DE ALTO COSTO Y REACTIVOS<\/h2>\t\t\t\t\t\t\t<p>Pasos que debes seguir para contratar nuestros servicios:\n\n\n<ol>\n<li>Escribir al correo electr\u00f3nico: comercial@embioexpress.compara identificar las necesidades y expectativa del servicio de operaciones log\u00edsticas.\n\n<li>Realizamos visita t\u00e9cnica presencial o por tele presencia para ampliar la informaci\u00f3n\n<li>Proyectamos la oferta t\u00e9cnica y comercial para la prestaci\u00f3n del servicio.\n<li>Aceptaci\u00f3n y Elaboraci\u00f3n de Contrato de Prestaci\u00f3n de Servicios. \n<li>Dise\u00f1o e implementaci\u00f3n del Mapa de Servicios. \n\n\n<\/p>\t\t\t\t\t\t\t\n\t\t\t\t\t\t\t                            \n                            \t\t\t\t\t\t<\/div>\n\t\t\t\t\t<\/div>\n\t\t\t\t\t                    <div class=\"col-lg-3\">\n\t\t\t\t\t\t<div class=\"ft-team-personal-cta text-center\" data-background=\"https:\/\/embioexpress.com.co\/web\/wp-content\/uploads\/2021\/10\/td-bg.png\">\n\t\t\t\t\t\t\t<div class=\"ft-team-personal-cta-icon d-flex justify-content-center align-items-center\">\n\t\t\t\t\t\t\t\t<i class=\"fal fa fa-phone-rotary\"><\/i>\n\t\t\t\t\t\t\t<\/div>\n\t\t\t\t\t\t\t<div class=\"ft-team-personal-cta-text headline\">\n\t\t\t\t\t\t\t\t<h3>Contacto<\/h3>\n\t\t\t\t\t\t\t\t<span>Tel\u00e9fono : (1)-1234-4444<\/span>\n\t\t\t\t\t\t\t\t<span>Email : info@example.com<\/span>\n\t\t\t\t\t\t\t<\/div>\n\t\t\t\t\t\t<\/div>\n\t\t\t\t\t<\/div>\n                    \t\t\t\t<\/div>\n\t\t\t<\/div>\n\t\t<\/div>\n\t<\/section>\t\n\t<!-- End of Team Details section\n\t============================================= -->\n    \n    \t\t\t\t<\/div>\n\t\t\t\t<\/div>\n\t\t\t\t\t<\/div>\n\t\t<\/div>\n\t\t\t\t\t<\/div>\n\t\t<\/section>\n\t\t\t\t<\/div>\n\t\t","protected":false},"excerpt":{"rendered":"<p>MEDICAMENTOS DE ALTO COSTO Y REACTIVOS MEDICAMENTOS DE ALTO COSTO Y REACTIVOS Somos aliados estrat\u00e9gicos en la administraci\u00f3n y entrega de medicamentos de alto costo y reactivos desde la recepci\u00f3n, con monitoreo mediante planillas de control electr\u00f3nico, reportes fotogr\u00e1ficos de eventos adversos, hasta el punto de entrega, con conservaci\u00f3n de cadena de fr\u00edo, monitoreo de [&hellip;]<\/p>\n","protected":false},"author":1,"featured_media":0,"parent":0,"menu_order":0,"comment_status":"closed","ping_status":"closed","template":"tpl-default-elementor.php","meta":{"footnotes":""},"class_list":["post-2729","page","type-page","status-publish","hentry"],"_links":{"self":[{"href":"https:\/\/embioexpress.com.co\/web\/wp-json\/wp\/v2\/pages\/2729","targetHints":{"allow":["GET"]}}],"collection":[{"href":"https:\/\/embioexpress.com.co\/web\/wp-json\/wp\/v2\/pages"}],"about":[{"href":"https:\/\/embioexpress.com.co\/web\/wp-json\/wp\/v2\/types\/page"}],"author":[{"embeddable":true,"href":"https:\/\/embioexpress.com.co\/web\/wp-json\/wp\/v2\/users\/1"}],"replies":[{"embeddable":true,"href":"https:\/\/embioexpress.com.co\/web\/wp-json\/wp\/v2\/comments?post=2729"}],"version-history":[{"count":8,"href":"https:\/\/embioexpress.com.co\/web\/wp-json\/wp\/v2\/pages\/2729\/revisions"}],"predecessor-version":[{"id":2740,"href":"https:\/\/embioexpress.com.co\/web\/wp-json\/wp\/v2\/pages\/2729\/revisions\/2740"}],"wp:attachment":[{"href":"https:\/\/embioexpress.com.co\/web\/wp-json\/wp\/v2\/media?parent=2729"}],"curies":[{"name":"wp","href":"https:\/\/api.w.org\/{rel}","templated":true}]}}