{"id":2718,"date":"2024-03-19T15:02:36","date_gmt":"2024-03-19T15:02:36","guid":{"rendered":"https:\/\/embioexpress.com.co\/web\/?page_id=2718"},"modified":"2024-03-19T15:30:20","modified_gmt":"2024-03-19T15:30:20","slug":"equipos-biomedicos","status":"publish","type":"page","link":"https:\/\/embioexpress.com.co\/web\/equipos-biomedicos\/","title":{"rendered":"Equipos Biom\u00e9dicos"},"content":{"rendered":"\t\t<div data-elementor-type=\"wp-page\" data-elementor-id=\"2718\" class=\"elementor elementor-2718\">\n\t\t\t\t\t\t<section class=\"elementor-section elementor-top-section elementor-element elementor-element-31b8e42 elementor-section-full_width elementor-section-height-default elementor-section-height-default\" data-id=\"31b8e42\" data-element_type=\"section\">\n\t\t\t\t\t\t<div class=\"elementor-container elementor-column-gap-default\">\n\t\t\t\t\t<div class=\"elementor-column elementor-col-100 elementor-top-column elementor-element elementor-element-cc40961\" data-id=\"cc40961\" data-element_type=\"column\">\n\t\t\t<div class=\"elementor-widget-wrap elementor-element-populated\">\n\t\t\t\t\t\t<div class=\"elementor-element elementor-element-e76d523 elementor-widget elementor-widget-fastrans_team_details\" data-id=\"e76d523\" data-element_type=\"widget\" data-widget_type=\"fastrans_team_details.default\">\n\t\t\t\t<div class=\"elementor-widget-container\">\n\t\t\t\t\t\t\n    <!-- Start of Team Details section\n\t============================================= -->\n\t<section id=\"ft-team-details\" class=\"ft-team-details-section page-padding\">\n\t\t<div class=\"container\">\n\t\t\t<div class=\"ft-team-details-content position-relative\">\n\t\t\t\t                <div class=\"row\">\n\t\t\t\t\t                    <div class=\"col-lg-5\">\n\t\t\t\t\t\t<div class=\"ft-team-details-img position-relative\">\n\t\t\t\t\t\t\t<img decoding=\"async\" src=\"https:\/\/embioexpress.com.co\/web\/wp-content\/uploads\/2024\/03\/equipos.jpg\" alt=\"Awesome Image\">\n\t\t\t\t\t\t<\/div>\n\t\t\t\t\t<\/div>\n                    \t\t\t\t\t<div class=\"col-lg-7\">\n\t\t\t\t\t\t<div class=\"ft-team-details-text-wrapper headline pera-content\">\n\t\t\t\t\t\t\t                            <div class=\"ft-team-details-text\">\n\t\t\t\t\t\t\t\t\t\t\t\t\t\t\t\t<span>EQUIPOS BIOM\u00c9DICOS<\/span>\t\t\t\t\t\t\t\t<p>Somos aliados estrat\u00e9gicos con las empresas de transporte para administrar la recepci\u00f3n y entrega de Equipos BIO m\u00e9dicos con nuestro personal especializado apoyamos a la cadena de abastecimientos <\/p>\t\t\t\t\t\t\t<\/div>\n\t\t\t\t\t\t\t                            <div class=\"ft-team-details-info ul-li-block\">\n\t\t\t\t\t\t\t\t<ul>\n\t\t\t\t\t\t\t\t\t                                    <li><span>Experiencia<\/span> 17 A\u00d1OS<\/li>\n\t\t\t\t\t\t\t\t\t\t\t\t\t\t\t\t\t<\/ul>\n\t\t\t\t\t\t\t<\/div>\n\t\t\t\t\t\t\t<div class=\"coming-soon-social d-flex\">\n\t\t\t\t\t\t\t\t                                <a href=\"#\"><i class=\"fab fa fa-whatsapp\"><\/i><\/a>\n\t\t\t\t\t\t\t\t\t\t\t\t\t\t\t<\/div>\n\t\t\t\t\t\t<\/div>\n\t\t\t\t\t<\/div>\n\t\t\t\t<\/div>\n\t\t\t<\/div>\n\t\t\t<div class=\"ft-team-personal-form-cta-wrapper\">\n\t\t\t\t<div class=\"row\">\n\t\t\t\t\t<div class=\"col-lg-9\">\n\t\t\t\t\t\t<div class=\"ft-team-personal headline pera-content\">\n\t\t\t\t\t\t\t<h2 class=\"title\">OPERACIONES LOG\u00cdSTICAS EN EL TRANSPORTE ESPECIALIZADO DE EQUIPOS BIOM\u00c9DICOS<\/h2>\t\t\t\t\t\t\t<p>EMBIOEXPRESS S.A.S. se ha caracterizado en la prestaci\u00f3n de servicios en abastecimientos de equipos biom\u00e9dicos a nivel regional, rural, y nacional a las IPS de II y III nivel, y Laboratorios donde nuestro cliente y nosotros acordamos en los requisitos reglamentarios y t\u00e9cnicos as\u00ed:\n\n\n<li>Dise\u00f1o e implementaci\u00f3n de mapas de servicios.\n<li>Recepci\u00f3n de Fichas T\u00e9cnicas de Producto.\n<li>Dise\u00f1o de ruto gramas ON LINE para an\u00e1lisis las operaciones log\u00edsticas masivas y semi masivas basado en el rastreo GPS en tiempo real, c\u00e1lculo de tiempos y distancias.\n<li>Condiciones t\u00e9cnicas en el seguimiento, control y medici\u00f3n en la prestaci\u00f3n de servicios.\n<li>Revisi\u00f3n del entorno f\u00edsico, atenci\u00f3n a v\u00edctimas que ampara contingencias frente a los eventos adversos con terceros.<\/p>\t\t\t\t\t\t\t\n\t\t\t\t\t\t\t                            \n                            \t\t\t\t\t\t<\/div>\n\t\t\t\t\t<\/div>\n\t\t\t\t\t                    <div class=\"col-lg-3\">\n\t\t\t\t\t\t<div class=\"ft-team-personal-cta text-center\" data-background=\"https:\/\/embioexpress.com.co\/web\/wp-content\/uploads\/2021\/10\/td-bg.png\">\n\t\t\t\t\t\t\t<div class=\"ft-team-personal-cta-icon d-flex justify-content-center align-items-center\">\n\t\t\t\t\t\t\t\t<i class=\"fal fa fa-phone-rotary\"><\/i>\n\t\t\t\t\t\t\t<\/div>\n\t\t\t\t\t\t\t<div class=\"ft-team-personal-cta-text headline\">\n\t\t\t\t\t\t\t\t<h3>Contacto<\/h3>\n\t\t\t\t\t\t\t\t<span>Tel\u00e9fono : (1)-1234-4444<\/span>\n\t\t\t\t\t\t\t\t<span>Email : info@example.com<\/span>\n\t\t\t\t\t\t\t<\/div>\n\t\t\t\t\t\t<\/div>\n\t\t\t\t\t<\/div>\n                    \t\t\t\t<\/div>\n\t\t\t<\/div>\n\t\t<\/div>\n\t<\/section>\t\n\t<!-- End of Team Details section\n\t============================================= -->\n    \n    \t\t\t\t<\/div>\n\t\t\t\t<\/div>\n\t\t\t\t\t<\/div>\n\t\t<\/div>\n\t\t\t\t\t<\/div>\n\t\t<\/section>\n\t\t\t\t<\/div>\n\t\t","protected":false},"excerpt":{"rendered":"<p>EQUIPOS BIOM\u00c9DICOS Somos aliados estrat\u00e9gicos con las empresas de transporte para administrar la recepci\u00f3n y entrega de Equipos BIO m\u00e9dicos con nuestro personal especializado apoyamos a la cadena de abastecimientos Experiencia 17 A\u00d1OS OPERACIONES LOG\u00cdSTICAS EN EL TRANSPORTE ESPECIALIZADO DE EQUIPOS BIOM\u00c9DICOS EMBIOEXPRESS S.A.S. se ha caracterizado en la prestaci\u00f3n de servicios en abastecimientos de [&hellip;]<\/p>\n","protected":false},"author":1,"featured_media":0,"parent":0,"menu_order":0,"comment_status":"closed","ping_status":"closed","template":"tpl-default-elementor.php","meta":{"footnotes":""},"class_list":["post-2718","page","type-page","status-publish","hentry"],"_links":{"self":[{"href":"https:\/\/embioexpress.com.co\/web\/wp-json\/wp\/v2\/pages\/2718","targetHints":{"allow":["GET"]}}],"collection":[{"href":"https:\/\/embioexpress.com.co\/web\/wp-json\/wp\/v2\/pages"}],"about":[{"href":"https:\/\/embioexpress.com.co\/web\/wp-json\/wp\/v2\/types\/page"}],"author":[{"embeddable":true,"href":"https:\/\/embioexpress.com.co\/web\/wp-json\/wp\/v2\/users\/1"}],"replies":[{"embeddable":true,"href":"https:\/\/embioexpress.com.co\/web\/wp-json\/wp\/v2\/comments?post=2718"}],"version-history":[{"count":5,"href":"https:\/\/embioexpress.com.co\/web\/wp-json\/wp\/v2\/pages\/2718\/revisions"}],"predecessor-version":[{"id":2739,"href":"https:\/\/embioexpress.com.co\/web\/wp-json\/wp\/v2\/pages\/2718\/revisions\/2739"}],"wp:attachment":[{"href":"https:\/\/embioexpress.com.co\/web\/wp-json\/wp\/v2\/media?parent=2718"}],"curies":[{"name":"wp","href":"https:\/\/api.w.org\/{rel}","templated":true}]}}