{"id":2575,"date":"2024-03-14T13:56:36","date_gmt":"2024-03-14T13:56:36","guid":{"rendered":"https:\/\/embioexpress.com.co\/web\/?page_id=2575"},"modified":"2024-03-18T21:26:33","modified_gmt":"2024-03-18T21:26:33","slug":"biosoft","status":"publish","type":"page","link":"https:\/\/embioexpress.com.co\/web\/biosoft\/","title":{"rendered":"BioSoft"},"content":{"rendered":"\t\t<div data-elementor-type=\"wp-page\" data-elementor-id=\"2575\" class=\"elementor elementor-2575\">\n\t\t\t\t\t\t<section class=\"elementor-section elementor-top-section elementor-element elementor-element-13d685c4 elementor-section-full_width elementor-section-stretched elementor-section-height-default elementor-section-height-default\" data-id=\"13d685c4\" data-element_type=\"section\" id=\"home\" data-settings=\"{&quot;stretch_section&quot;:&quot;section-stretched&quot;}\">\n\t\t\t\t\t\t<div class=\"elementor-container elementor-column-gap-default\">\n\t\t\t\t\t<div class=\"elementor-column elementor-col-100 elementor-top-column elementor-element elementor-element-3e98af29\" data-id=\"3e98af29\" data-element_type=\"column\">\n\t\t\t<div class=\"elementor-widget-wrap elementor-element-populated\">\n\t\t\t\t\t\t<div class=\"elementor-element elementor-element-23c0229b elementor-widget elementor-widget-fastrans_home_three_banner\" data-id=\"23c0229b\" data-element_type=\"widget\" data-widget_type=\"fastrans_home_three_banner.default\">\n\t\t\t\t<div class=\"elementor-widget-container\">\n\t\t\t\t\t\t\n    <!-- Start of banner section\n\t============================================= -->\n\t<section id=\"ft-banner\" class=\"ft-banner-section\" >\n\t\t<div class=\"ft-banner-content\">\n\t\t\t<div class=\"container\">\n\t\t\t\t<div class=\"ft-banner-text-content headline pera-content text-center\">\n\t\t\t\t\t                    <h1 class=\"cd-headline letters scale\">Biosoft\t\t\t\t\t\t                        <span class=\"cd-words-wrapper\">\n\t\t\t\t\t\t\t<b class=\"is-visible\">Sistema Integrado <\/b>\t\t\t\t\t\t\t<b> Desarrollo<\/b>\t\t\t\t\t\t\t<b>Implementaci\u00f3n<\/b>\t\t\t\t\t\t<\/span>\n                                            <\/h1>\n                                        \n                    <p> Biosoft est\u00e1 hecho para controlar el personal operativo y administrativo de la empresa, la programaci\u00f3n de rutas para entrega de muestras biol\u00f3gicas  (motos y camionetas) , el CRM con licitaciones y cotizaciones , control de activos propios y externos conectado con los formatos de calidad para la empresa.  <\/p>                    <div class=\"ft-banner-btn-wrapper d-flex justify-content-center align-items-center\">\n                                                                    <\/div>\n                <\/div>\n            <\/div>\n        <\/div>\n    <\/section>\n\t<!-- End of banner section\n\t============================================= -->\n    \n    \t\t\t\t<\/div>\n\t\t\t\t<\/div>\n\t\t\t\t\t<\/div>\n\t\t<\/div>\n\t\t\t\t\t<\/div>\n\t\t<\/section>\n\t\t\t\t<\/div>\n\t\t","protected":false},"excerpt":{"rendered":"<p>Biosoft Sistema Integrado Desarrollo Implementaci\u00f3n Biosoft est\u00e1 hecho para controlar el personal operativo y administrativo de la empresa, la programaci\u00f3n de rutas para entrega de muestras biol\u00f3gicas (motos y camionetas) , el CRM con licitaciones y cotizaciones , control de activos propios y externos conectado con los formatos de calidad para la empresa.<\/p>\n","protected":false},"author":1,"featured_media":0,"parent":0,"menu_order":0,"comment_status":"closed","ping_status":"closed","template":"","meta":{"footnotes":""},"class_list":["post-2575","page","type-page","status-publish","hentry"],"_links":{"self":[{"href":"https:\/\/embioexpress.com.co\/web\/wp-json\/wp\/v2\/pages\/2575","targetHints":{"allow":["GET"]}}],"collection":[{"href":"https:\/\/embioexpress.com.co\/web\/wp-json\/wp\/v2\/pages"}],"about":[{"href":"https:\/\/embioexpress.com.co\/web\/wp-json\/wp\/v2\/types\/page"}],"author":[{"embeddable":true,"href":"https:\/\/embioexpress.com.co\/web\/wp-json\/wp\/v2\/users\/1"}],"replies":[{"embeddable":true,"href":"https:\/\/embioexpress.com.co\/web\/wp-json\/wp\/v2\/comments?post=2575"}],"version-history":[{"count":46,"href":"https:\/\/embioexpress.com.co\/web\/wp-json\/wp\/v2\/pages\/2575\/revisions"}],"predecessor-version":[{"id":2697,"href":"https:\/\/embioexpress.com.co\/web\/wp-json\/wp\/v2\/pages\/2575\/revisions\/2697"}],"wp:attachment":[{"href":"https:\/\/embioexpress.com.co\/web\/wp-json\/wp\/v2\/media?parent=2575"}],"curies":[{"name":"wp","href":"https:\/\/api.w.org\/{rel}","templated":true}]}}