{"id":1082,"date":"2021-10-08T10:45:50","date_gmt":"2021-10-08T10:45:50","guid":{"rendered":"https:\/\/themexriver.com\/wp\/fastrans\/?page_id=1082"},"modified":"2024-03-21T16:27:30","modified_gmt":"2024-03-21T16:27:30","slug":"muestras-biologicas-y-hemocomponentes","status":"publish","type":"page","link":"https:\/\/embioexpress.com.co\/web\/muestras-biologicas-y-hemocomponentes\/","title":{"rendered":"Muestras biol\u00f3gicas y hemocomponentes"},"content":{"rendered":"\t\t<div data-elementor-type=\"wp-page\" data-elementor-id=\"1082\" class=\"elementor elementor-1082\">\n\t\t\t\t\t\t<section class=\"elementor-section elementor-top-section elementor-element elementor-element-31b8e42 elementor-section-full_width elementor-section-height-default elementor-section-height-default\" data-id=\"31b8e42\" data-element_type=\"section\">\n\t\t\t\t\t\t<div class=\"elementor-container elementor-column-gap-default\">\n\t\t\t\t\t<div class=\"elementor-column elementor-col-100 elementor-top-column elementor-element elementor-element-cc40961\" data-id=\"cc40961\" data-element_type=\"column\">\n\t\t\t<div class=\"elementor-widget-wrap elementor-element-populated\">\n\t\t\t\t\t\t<div class=\"elementor-element elementor-element-e76d523 elementor-widget elementor-widget-fastrans_team_details\" data-id=\"e76d523\" data-element_type=\"widget\" data-widget_type=\"fastrans_team_details.default\">\n\t\t\t\t<div class=\"elementor-widget-container\">\n\t\t\t\t\t\t\n    <!-- Start of Team Details section\n\t============================================= -->\n\t<section id=\"ft-team-details\" class=\"ft-team-details-section page-padding\">\n\t\t<div class=\"container\">\n\t\t\t<div class=\"ft-team-details-content position-relative\">\n\t\t\t\t                <div class=\"row\">\n\t\t\t\t\t                    <div class=\"col-lg-5\">\n\t\t\t\t\t\t<div class=\"ft-team-details-img position-relative\">\n\t\t\t\t\t\t\t<img decoding=\"async\" src=\"https:\/\/embioexpress.com.co\/web\/wp-content\/uploads\/2024\/03\/muestras.jpg\" alt=\"Awesome Image\">\n\t\t\t\t\t\t<\/div>\n\t\t\t\t\t<\/div>\n                    \t\t\t\t\t<div class=\"col-lg-7\">\n\t\t\t\t\t\t<div class=\"ft-team-details-text-wrapper headline pera-content\">\n\t\t\t\t\t\t\t                            <div class=\"ft-team-details-text\">\n\t\t\t\t\t\t\t\t\t\t\t\t\t\t\t\t<span>MUESTRAS BIOL\u00d3GICAS Y HEMOCOMPONENTES<\/span>\t\t\t\t\t\t\t\t<p>Somos aliados log\u00edsticos en la cadena de abastecimiento para el sector transporte con nuestra especialidad en transporte de muestras biol\u00f3gicas con entregas justo a tiempo.\n\nNuestras soluciones log\u00edsticas para la vida tiene un enfoque de atenci\u00f3n centrado en la parte interesada de nuestro cliente con un valor significado para asegurar resultados cl\u00ednicos efectivos recepcionando, transportando y distribuyendo sus muestras biol\u00f3gicas en los puntos sat\u00e9lites acordados, contamos con operaciones a nivel regional, local y nacional, con 85 auxiliares log\u00edsticos en ciudades distribuido en zonas estrat\u00e9gicas del pa\u00eds en cumplimiento de los requisitos normativos, reglamentarios y t\u00e9cnicos en transporte de mercanc\u00edas peligrosas. <\/p>\t\t\t\t\t\t\t<\/div>\n\t\t\t\t\t\t\t                            <div class=\"ft-team-details-info ul-li-block\">\n\t\t\t\t\t\t\t\t<ul>\n\t\t\t\t\t\t\t\t\t                                    <li><span>Experiencia<\/span> 17 A\u00d1OS<\/li>\n\t\t\t\t\t\t\t\t\t\t\t\t\t\t\t\t\t<\/ul>\n\t\t\t\t\t\t\t<\/div>\n\t\t\t\t\t\t\t<div class=\"coming-soon-social d-flex\">\n\t\t\t\t\t\t\t\t                                <a href=\"#\"><i class=\"fab fa fa-whatsapp\"><\/i><\/a>\n\t\t\t\t\t\t\t\t\t\t\t\t\t\t\t<\/div>\n\t\t\t\t\t\t<\/div>\n\t\t\t\t\t<\/div>\n\t\t\t\t<\/div>\n\t\t\t<\/div>\n\t\t\t<div class=\"ft-team-personal-form-cta-wrapper\">\n\t\t\t\t<div class=\"row\">\n\t\t\t\t\t<div class=\"col-lg-9\">\n\t\t\t\t\t\t<div class=\"ft-team-personal headline pera-content\">\n\t\t\t\t\t\t\t<h2 class=\"title\">OPERACIONES LOG\u00cdSTICAS EN EL TRANSPORTE DE HEMOCOMPONENTES:<\/h2>\t\t\t\t\t\t\t<p>Nos hemos caracterizado por cumplir los requisitos del cliente para la satisfacci\u00f3n y expectativa de sus necesidades:\n\n<li>Respetando los acuerdos comerciales y t\u00e9cnicos.\n<li>Recepcionando al cliente sus requerimientos a tiempo.\n<li>Acordando una operaci\u00f3n log\u00edstica a la medida del cliente.\n<li>Fortaleciendo las comunicaciones de doble v\u00eda.\n<li>Asegurando la cadena de frio de las muestras biol\u00f3gicas mediante uso de material refrigerante bajo term\u00f3metros calibrados que dan evidencia a las equivalencias de temperatura aprobadas por nuestros clientes y la mesa t\u00e9cnica de nuestra compa\u00f1\u00eda.\n<li>Embalajes, rotulados en neveras acorde al Decreto 1079 de 2015.\n<li>Reporte e informe t\u00e9cnico de eventos adversos sobre la muestra biol\u00f3gica y hemocompontes.\n<li>Reporte en l\u00ednea sobre la recepci\u00f3n y entrega de muestras biol\u00f3gicas, ahora tenemos un centro de operaciones las 24 horas con rastreo GPS en tiempo real, c\u00e1lculo de tiempos y distancias, reacci\u00f3n en contingencias, configuraci\u00f3n de GEO cercas.\n<li>Reporte diario de nuestras operaciones log\u00edsticas mediante inspecciones pre operacional dando cumplimiento a la Resoluci\u00f3n 1231 de 2016.\n<li>Tenemos una responsabilidad social con la seguridad y salud en el trabajo basado en ambientes sanos y seguros con la participaci\u00f3n de la alta direcci\u00f3n.\nAlineamos el cumplimiento del servicio de operaciones log\u00edsticas en el transporte de hemocomponentes como lo establece la Red Distrital de Bancos de Sangre.<\/p>\t\t\t\t\t\t\t\n\t\t\t\t\t\t\t                            \n                            \t\t\t\t\t\t<\/div>\n\t\t\t\t\t<\/div>\n\t\t\t\t\t                    <div class=\"col-lg-3\">\n\t\t\t\t\t\t<div class=\"ft-team-personal-cta text-center\" data-background=\"https:\/\/embioexpress.com.co\/web\/wp-content\/uploads\/2021\/10\/td-bg.png\">\n\t\t\t\t\t\t\t<div class=\"ft-team-personal-cta-icon d-flex justify-content-center align-items-center\">\n\t\t\t\t\t\t\t\t<i class=\"fal fa fa-phone-rotary\"><\/i>\n\t\t\t\t\t\t\t<\/div>\n\t\t\t\t\t\t\t<div class=\"ft-team-personal-cta-text headline\">\n\t\t\t\t\t\t\t\t<h3>Contacto<\/h3>\n\t\t\t\t\t\t\t\t<span>Tel\u00e9fono : 3202321051<\/span>\n\t\t\t\t\t\t\t\t<span>Email : comercial@embioexpress.com<\/span>\n\t\t\t\t\t\t\t<\/div>\n\t\t\t\t\t\t<\/div>\n\t\t\t\t\t<\/div>\n                    \t\t\t\t<\/div>\n\t\t\t<\/div>\n\t\t<\/div>\n\t<\/section>\t\n\t<!-- End of Team Details section\n\t============================================= -->\n    \n    \t\t\t\t<\/div>\n\t\t\t\t<\/div>\n\t\t\t\t\t<\/div>\n\t\t<\/div>\n\t\t\t\t\t<\/div>\n\t\t<\/section>\n\t\t\t\t<\/div>\n\t\t","protected":false},"excerpt":{"rendered":"<p>MUESTRAS BIOL\u00d3GICAS Y HEMOCOMPONENTES Somos aliados log\u00edsticos en la cadena de abastecimiento para el sector transporte con nuestra especialidad en transporte de muestras biol\u00f3gicas con entregas justo a tiempo. Nuestras soluciones log\u00edsticas para la vida tiene un enfoque de atenci\u00f3n centrado en la parte interesada de nuestro cliente con un valor significado para asegurar resultados [&hellip;]<\/p>\n","protected":false},"author":1,"featured_media":0,"parent":0,"menu_order":0,"comment_status":"closed","ping_status":"closed","template":"tpl-default-elementor.php","meta":{"footnotes":""},"class_list":["post-1082","page","type-page","status-publish","hentry"],"_links":{"self":[{"href":"https:\/\/embioexpress.com.co\/web\/wp-json\/wp\/v2\/pages\/1082","targetHints":{"allow":["GET"]}}],"collection":[{"href":"https:\/\/embioexpress.com.co\/web\/wp-json\/wp\/v2\/pages"}],"about":[{"href":"https:\/\/embioexpress.com.co\/web\/wp-json\/wp\/v2\/types\/page"}],"author":[{"embeddable":true,"href":"https:\/\/embioexpress.com.co\/web\/wp-json\/wp\/v2\/users\/1"}],"replies":[{"embeddable":true,"href":"https:\/\/embioexpress.com.co\/web\/wp-json\/wp\/v2\/comments?post=1082"}],"version-history":[{"count":15,"href":"https:\/\/embioexpress.com.co\/web\/wp-json\/wp\/v2\/pages\/1082\/revisions"}],"predecessor-version":[{"id":2784,"href":"https:\/\/embioexpress.com.co\/web\/wp-json\/wp\/v2\/pages\/1082\/revisions\/2784"}],"wp:attachment":[{"href":"https:\/\/embioexpress.com.co\/web\/wp-json\/wp\/v2\/media?parent=1082"}],"curies":[{"name":"wp","href":"https:\/\/api.w.org\/{rel}","templated":true}]}}